{"id":9,"date":"2023-06-14T14:58:45","date_gmt":"2023-06-14T14:58:45","guid":{"rendered":"https:\/\/ananda-co.com\/?page_id=9"},"modified":"2023-10-02T22:33:23","modified_gmt":"2023-10-03T02:33:23","slug":"accueil","status":"publish","type":"page","link":"https:\/\/ananda-co.com\/fr\/accueil\/","title":{"rendered":"Accueil"},"content":{"rendered":"\t\t<div data-elementor-type=\"wp-page\" data-elementor-id=\"9\" class=\"elementor elementor-9\" data-elementor-post-type=\"page\">\n\t\t\t\t<div class=\"elementor-element elementor-element-6c767ab e-con-full e-flex e-con e-parent\" data-id=\"6c767ab\" data-element_type=\"container\" data-e-type=\"container\" data-settings=\"{&quot;background_background&quot;:&quot;classic&quot;}\">\n\t\t<div class=\"elementor-element elementor-element-3b6032f e-con-full e-flex e-con e-child\" data-id=\"3b6032f\" data-element_type=\"container\" data-e-type=\"container\">\n\t\t\t\t<div class=\"elementor-element elementor-element-59ef6a3 elementor-widget elementor-widget-text-editor\" data-id=\"59ef6a3\" data-element_type=\"widget\" data-e-type=\"widget\" data-widget_type=\"text-editor.default\">\n\t\t\t\t<div class=\"elementor-widget-container\">\n\t\t\t\t\t\t\t\t\t<a href=\"https:\/\/ananda-co.com\/\"><strong>ENGLISH<\/strong><\/a>\t\t\t\t\t\t\t\t<\/div>\n\t\t\t\t<\/div>\n\t\t\t\t<\/div>\n\t\t<div class=\"elementor-element elementor-element-42d80ff e-flex e-con-boxed e-con e-child\" data-id=\"42d80ff\" data-element_type=\"container\" data-e-type=\"container\">\n\t\t\t\t\t<div class=\"e-con-inner\">\n\t\t\t\t<div class=\"elementor-element elementor-element-eccd390 elementor-widget elementor-widget-image\" data-id=\"eccd390\" data-element_type=\"widget\" data-e-type=\"widget\" data-widget_type=\"image.default\">\n\t\t\t\t<div class=\"elementor-widget-container\">\n\t\t\t\t\t\t\t\t\t\t\t\t\t\t\t<img decoding=\"async\" width=\"1\" height=\"1\" src=\"https:\/\/ananda-co.com\/wp-content\/uploads\/2023\/07\/ananda_co-logo-black.svg\" class=\"attachment-full size-full wp-image-1008\" alt=\"\" \/>\t\t\t\t\t\t\t\t\t\t\t\t\t\t\t<\/div>\n\t\t\t\t<\/div>\n\t\t\t\t<div class=\"elementor-element elementor-element-feae8a9 elementor-widget elementor-widget-text-editor\" data-id=\"feae8a9\" data-element_type=\"widget\" data-e-type=\"widget\" data-widget_type=\"text-editor.default\">\n\t\t\t\t<div class=\"elementor-widget-container\">\n\t\t\t\t\t\t\t\t\t<p style=\"text-align: center;\">Destinations d\u2019\u00e9vasion \u00e0 partager<\/p>\t\t\t\t\t\t\t\t<\/div>\n\t\t\t\t<\/div>\n\t\t\t\t<div class=\"elementor-element elementor-element-e769ad7 elementor-hidden-mobile elementor-widget elementor-widget-text-editor\" data-id=\"e769ad7\" data-element_type=\"widget\" data-e-type=\"widget\" data-widget_type=\"text-editor.default\">\n\t\t\t\t<div class=\"elementor-widget-container\">\n\t\t\t\t\t\t\t\t\t<p style=\"text-align: center;\"><strong><span class=\"TextRun SCXW255135316 BCX0\" lang=\"FR-FR\" xml:lang=\"FR-FR\" data-contrast=\"auto\"><span class=\"NormalTextRun SCXW255135316 BCX0\">Plus de d\u00e9tails \u00e0 venir bient\u00f4t<\/span><\/span><\/strong><\/p>\t\t\t\t\t\t\t\t<\/div>\n\t\t\t\t<\/div>\n\t\t\t\t\t<\/div>\n\t\t\t\t<\/div>\n\t\t<div class=\"elementor-element elementor-element-a231cdf e-flex e-con-boxed e-con e-child\" data-id=\"a231cdf\" data-element_type=\"container\" data-e-type=\"container\">\n\t\t\t\t\t<div class=\"e-con-inner\">\n\t\t\t\t<div class=\"elementor-element elementor-element-7bd3aa0 elementor-widget elementor-widget-text-editor\" data-id=\"7bd3aa0\" data-element_type=\"widget\" data-e-type=\"widget\" data-widget_type=\"text-editor.default\">\n\t\t\t\t<div class=\"elementor-widget-container\">\n\t\t\t\t\t\t\t\t\t<p><span data-contrast=\"auto\">Nous offrons une s\u00e9lection de r\u00e9sidences haut de gamme et un yacht \u00e0 \u00e9nergie solaire. Pr\u00e9parez-vous \u00e0 vivre une exp\u00e9rience unique qui marquera votre vie pour toujours !<\/span><span data-ccp-props=\"{&quot;201341983&quot;:0,&quot;335551550&quot;:2,&quot;335551620&quot;:2,&quot;335559739&quot;:160,&quot;335559740&quot;:259}\">\u00a0<\/span><\/p><p><span style=\"text-decoration: underline;\">Inscrivez-vous<\/span><span data-contrast=\"auto\"> \u00e0 notre infolettre et soyez les premiers \u00e0 y acc\u00e9der et \u00e0 profiter d\u2019offres uniques.<\/span><\/p>\t\t\t\t\t\t\t\t<\/div>\n\t\t\t\t<\/div>\n\t\t<div class=\"elementor-element elementor-element-1e3680c e-flex e-con-boxed e-con e-child\" data-id=\"1e3680c\" data-element_type=\"container\" data-e-type=\"container\">\n\t\t\t\t\t<div class=\"e-con-inner\">\n\t\t\t\t<div class=\"elementor-element elementor-element-f846f71 elementor-button-align-stretch elementor-widget elementor-widget-form\" data-id=\"f846f71\" data-element_type=\"widget\" data-e-type=\"widget\" data-settings=\"{&quot;button_width&quot;:&quot;30&quot;,&quot;step_next_label&quot;:&quot;Suivant&quot;,&quot;step_previous_label&quot;:&quot;Pr\\u00e9c\\u00e9dent&quot;,&quot;step_type&quot;:&quot;number_text&quot;,&quot;step_icon_shape&quot;:&quot;circle&quot;}\" data-widget_type=\"form.default\">\n\t\t\t\t<div class=\"elementor-widget-container\">\n\t\t\t\t\t\t\t<form class=\"elementor-form\" method=\"post\" name=\"S&#039;abonner\" aria-label=\"S&#039;abonner\">\n\t\t\t<input type=\"hidden\" name=\"post_id\" value=\"9\"\/>\n\t\t\t<input type=\"hidden\" name=\"form_id\" value=\"f846f71\"\/>\n\t\t\t<input type=\"hidden\" name=\"referer_title\" value=\"Accueil - Ananda &amp; Co\" \/>\n\n\t\t\t\t\t\t\t<input type=\"hidden\" name=\"queried_id\" value=\"9\"\/>\n\t\t\t\n\t\t\t<div class=\"elementor-form-fields-wrapper elementor-labels-above\">\n\t\t\t\t\t\t\t\t<div class=\"elementor-field-type-email elementor-field-group elementor-column elementor-field-group-email elementor-col-70 elementor-field-required elementor-mark-required\">\n\t\t\t\t\t\t\t\t\t\t\t\t\t<input size=\"1\" type=\"email\" name=\"form_fields[email]\" id=\"form-field-email\" class=\"elementor-field elementor-size-sm  elementor-field-textual\" placeholder=\"Addresse e-mail\" required=\"required\">\n\t\t\t\t\t\t\t\t\t\t\t<\/div>\n\t\t\t\t\t\t\t\t<div class=\"elementor-field-group elementor-column elementor-field-type-submit elementor-col-30 e-form__buttons\">\n\t\t\t\t\t<button class=\"elementor-button elementor-size-sm\" type=\"submit\">\n\t\t\t\t\t\t<span class=\"elementor-button-content-wrapper\">\n\t\t\t\t\t\t\t\t\t\t\t\t\t\t\t\t\t\t\t\t\t\t<span class=\"elementor-button-text\">S'abonner<\/span>\n\t\t\t\t\t\t\t\t\t\t\t\t\t<\/span>\n\t\t\t\t\t<\/button>\n\t\t\t\t<\/div>\n\t\t\t<\/div>\n\t\t<\/form>\n\t\t\t\t\t\t<\/div>\n\t\t\t\t<\/div>\n\t\t\t\t<div class=\"elementor-element elementor-element-58aca94 elementor-hidden-desktop elementor-hidden-tablet elementor-widget elementor-widget-text-editor\" data-id=\"58aca94\" data-element_type=\"widget\" data-e-type=\"widget\" data-widget_type=\"text-editor.default\">\n\t\t\t\t<div class=\"elementor-widget-container\">\n\t\t\t\t\t\t\t\t\t<p style=\"text-align: center;\"><strong><span class=\"TextRun SCXW255135316 BCX0\" lang=\"FR-FR\" xml:lang=\"FR-FR\" data-contrast=\"auto\"><span class=\"NormalTextRun SCXW255135316 BCX0\">Plus de d\u00e9tails \u00e0 venir bient\u00f4t<\/span><\/span><\/strong><\/p>\t\t\t\t\t\t\t\t<\/div>\n\t\t\t\t<\/div>\n\t\t\t\t\t<\/div>\n\t\t\t\t<\/div>\n\t\t\t\t\t<\/div>\n\t\t\t\t<\/div>\n\t\t<div class=\"elementor-element elementor-element-50f93bf e-flex e-con-boxed e-con e-child\" data-id=\"50f93bf\" data-element_type=\"container\" data-e-type=\"container\">\n\t\t\t\t\t<div class=\"e-con-inner\">\n\t\t<div class=\"elementor-element elementor-element-595aaab e-flex e-con-boxed e-con e-child\" data-id=\"595aaab\" data-element_type=\"container\" data-e-type=\"container\">\n\t\t\t\t\t<div class=\"e-con-inner\">\n\t\t<div class=\"elementor-element elementor-element-090a760 e-flex e-con-boxed e-con e-child\" data-id=\"090a760\" data-element_type=\"container\" data-e-type=\"container\">\n\t\t\t\t\t<div class=\"e-con-inner\">\n\t\t\t\t<div class=\"elementor-element elementor-element-07d938a elementor-widget elementor-widget-heading\" data-id=\"07d938a\" data-element_type=\"widget\" data-e-type=\"widget\" data-widget_type=\"heading.default\">\n\t\t\t\t<div class=\"elementor-widget-container\">\n\t\t\t\t\t<h2 class=\"elementor-heading-title elementor-size-default\">Les eaux majestueuses de la M\u00e9diterran\u00e9e<\/h2>\t\t\t\t<\/div>\n\t\t\t\t<\/div>\n\t\t\t\t<div class=\"elementor-element elementor-element-7e42f0e elementor-widget elementor-widget-image\" data-id=\"7e42f0e\" data-element_type=\"widget\" data-e-type=\"widget\" data-widget_type=\"image.default\">\n\t\t\t\t<div class=\"elementor-widget-container\">\n\t\t\t\t\t\t\t\t\t\t\t\t\t\t\t\t<a href=\"https:\/\/alliedyachting.com\/fr\/yacht-for-charter\/silent-80-tri-deck-open-catamaran-a-energie-solaire-atraversia\/\" target=\"_blank\">\n\t\t\t\t\t\t\t<img fetchpriority=\"high\" decoding=\"async\" width=\"900\" height=\"800\" src=\"https:\/\/ananda-co.com\/wp-content\/uploads\/2023\/06\/med2.jpg\" class=\"attachment-full size-full wp-image-69\" alt=\"\" srcset=\"https:\/\/ananda-co.com\/wp-content\/uploads\/2023\/06\/med2.jpg 900w, https:\/\/ananda-co.com\/wp-content\/uploads\/2023\/06\/med2-300x267.jpg 300w, https:\/\/ananda-co.com\/wp-content\/uploads\/2023\/06\/med2-768x683.jpg 768w\" sizes=\"(max-width: 900px) 100vw, 900px\" \/>\t\t\t\t\t\t\t\t<\/a>\n\t\t\t\t\t\t\t\t\t\t\t\t\t\t\t<\/div>\n\t\t\t\t<\/div>\n\t\t\t\t<div class=\"elementor-element elementor-element-3f3d388 elementor-hidden-desktop elementor-hidden-tablet elementor-widget elementor-widget-heading\" data-id=\"3f3d388\" data-element_type=\"widget\" data-e-type=\"widget\" data-widget_type=\"heading.default\">\n\t\t\t\t<div class=\"elementor-widget-container\">\n\t\t\t\t\t<h2 class=\"elementor-heading-title elementor-size-default\"><a href=\"https:\/\/alliedyachting.com\/fr\/yacht-for-charter\/silent-80-tri-deck-open-catamaran-a-energie-solaire-atraversia\/\" target=\"_blank\">Pour toute demande de location, contactez <u>Allied Yachting<\/u> ou votre agence de choix. <\/a><\/h2>\t\t\t\t<\/div>\n\t\t\t\t<\/div>\n\t\t\t\t\t<\/div>\n\t\t\t\t<\/div>\n\t\t<div class=\"elementor-element elementor-element-b62b8de e-flex e-con-boxed e-con e-child\" data-id=\"b62b8de\" data-element_type=\"container\" data-e-type=\"container\">\n\t\t\t\t\t<div class=\"e-con-inner\">\n\t\t\t\t<div class=\"elementor-element elementor-element-8668d81 elementor-widget elementor-widget-heading\" data-id=\"8668d81\" data-element_type=\"widget\" data-e-type=\"widget\" data-widget_type=\"heading.default\">\n\t\t\t\t<div class=\"elementor-widget-container\">\n\t\t\t\t\t<h2 class=\"elementor-heading-title elementor-size-default\">P\u00e9ninsule Papagayo au Costa Rica<\/h2>\t\t\t\t<\/div>\n\t\t\t\t<\/div>\n\t\t\t\t<div class=\"elementor-element elementor-element-3019660 elementor-widget elementor-widget-image\" data-id=\"3019660\" data-element_type=\"widget\" data-e-type=\"widget\" data-widget_type=\"image.default\">\n\t\t\t\t<div class=\"elementor-widget-container\">\n\t\t\t\t\t\t\t\t\t\t\t\t\t\t\t<img decoding=\"async\" width=\"900\" height=\"800\" src=\"https:\/\/ananda-co.com\/wp-content\/uploads\/2023\/06\/costa2.jpg\" class=\"attachment-full size-full wp-image-65\" alt=\"\" srcset=\"https:\/\/ananda-co.com\/wp-content\/uploads\/2023\/06\/costa2.jpg 900w, https:\/\/ananda-co.com\/wp-content\/uploads\/2023\/06\/costa2-300x267.jpg 300w, https:\/\/ananda-co.com\/wp-content\/uploads\/2023\/06\/costa2-768x683.jpg 768w\" sizes=\"(max-width: 900px) 100vw, 900px\" \/>\t\t\t\t\t\t\t\t\t\t\t\t\t\t\t<\/div>\n\t\t\t\t<\/div>\n\t\t\t\t\t<\/div>\n\t\t\t\t<\/div>\n\t\t<div class=\"elementor-element elementor-element-0126416 e-flex e-con-boxed e-con e-child\" data-id=\"0126416\" data-element_type=\"container\" data-e-type=\"container\">\n\t\t\t\t\t<div class=\"e-con-inner\">\n\t\t\t\t<div class=\"elementor-element elementor-element-3cfa441 elementor-widget elementor-widget-heading\" data-id=\"3cfa441\" data-element_type=\"widget\" data-e-type=\"widget\" data-widget_type=\"heading.default\">\n\t\t\t\t<div class=\"elementor-widget-container\">\n\t\t\t\t\t<h2 class=\"elementor-heading-title elementor-size-default\">Village historique de Pinehurst<\/h2>\t\t\t\t<\/div>\n\t\t\t\t<\/div>\n\t\t\t\t<div class=\"elementor-element elementor-element-e39969b elementor-widget elementor-widget-image\" data-id=\"e39969b\" data-element_type=\"widget\" data-e-type=\"widget\" data-widget_type=\"image.default\">\n\t\t\t\t<div class=\"elementor-widget-container\">\n\t\t\t\t\t\t\t\t\t\t\t\t\t\t\t<img loading=\"lazy\" decoding=\"async\" width=\"900\" height=\"800\" src=\"https:\/\/ananda-co.com\/wp-content\/uploads\/2023\/06\/pinehurst2.jpg\" class=\"attachment-full size-full wp-image-67\" alt=\"\" srcset=\"https:\/\/ananda-co.com\/wp-content\/uploads\/2023\/06\/pinehurst2.jpg 900w, https:\/\/ananda-co.com\/wp-content\/uploads\/2023\/06\/pinehurst2-300x267.jpg 300w, https:\/\/ananda-co.com\/wp-content\/uploads\/2023\/06\/pinehurst2-768x683.jpg 768w\" sizes=\"(max-width: 900px) 100vw, 900px\" \/>\t\t\t\t\t\t\t\t\t\t\t\t\t\t\t<\/div>\n\t\t\t\t<\/div>\n\t\t\t\t\t<\/div>\n\t\t\t\t<\/div>\n\t\t\t\t\t<\/div>\n\t\t\t\t<\/div>\n\t\t<div class=\"elementor-element elementor-element-7a0e6d4 elementor-hidden-tablet elementor-hidden-mobile e-flex e-con-boxed e-con e-child\" data-id=\"7a0e6d4\" data-element_type=\"container\" data-e-type=\"container\">\n\t\t\t\t\t<div class=\"e-con-inner\">\n\t\t<div class=\"elementor-element elementor-element-9467d01 e-flex e-con-boxed e-con e-child\" data-id=\"9467d01\" data-element_type=\"container\" data-e-type=\"container\">\n\t\t\t\t\t<div class=\"e-con-inner\">\n\t\t\t\t<div class=\"elementor-element elementor-element-0d0099b elementor-widget elementor-widget-heading\" data-id=\"0d0099b\" data-element_type=\"widget\" data-e-type=\"widget\" data-widget_type=\"heading.default\">\n\t\t\t\t<div class=\"elementor-widget-container\">\n\t\t\t\t\t<h2 class=\"elementor-heading-title elementor-size-default\"><a href=\"https:\/\/alliedyachting.com\/fr\/yacht-for-charter\/silent-80-tri-deck-open-catamaran-a-energie-solaire-atraversia\/\" target=\"_blank\">Pour toute demande de location, contactez <u>Allied Yachting<\/u> ou votre agence de choix. <\/a><\/h2>\t\t\t\t<\/div>\n\t\t\t\t<\/div>\n\t\t\t\t\t<\/div>\n\t\t\t\t<\/div>\n\t\t<div class=\"elementor-element elementor-element-a6c3ebd elementor-hidden-mobile e-flex e-con-boxed e-con e-child\" data-id=\"a6c3ebd\" data-element_type=\"container\" data-e-type=\"container\">\n\t\t\t\t\t<div class=\"e-con-inner\">\n\t\t\t\t\t<\/div>\n\t\t\t\t<\/div>\n\t\t<div class=\"elementor-element elementor-element-5ba611e elementor-hidden-mobile e-flex e-con-boxed e-con e-child\" data-id=\"5ba611e\" data-element_type=\"container\" data-e-type=\"container\">\n\t\t\t\t\t<div class=\"e-con-inner\">\n\t\t\t\t\t<\/div>\n\t\t\t\t<\/div>\n\t\t\t\t\t<\/div>\n\t\t\t\t<\/div>\n\t\t\t\t\t<\/div>\n\t\t\t\t<\/div>\n\t\t<div class=\"elementor-element elementor-element-f5b8a1f e-con-full e-flex e-con e-child\" data-id=\"f5b8a1f\" data-element_type=\"container\" data-e-type=\"container\">\n\t\t\t\t<div class=\"elementor-element elementor-element-ac585eb elementor-widget elementor-widget-text-editor\" data-id=\"ac585eb\" data-element_type=\"widget\" data-e-type=\"widget\" data-widget_type=\"text-editor.default\">\n\t\t\t\t<div class=\"elementor-widget-container\">\n\t\t\t\t\t\t\t\t\t<p style=\"text-align: left;\">\u00a9 2023 Ananda &amp; Co. Tous droits r\u00e9serv\u00e9s | <a href=\"mailto:info@ananda-co.com\">info@ananda-co.com<\/a><\/p>\t\t\t\t\t\t\t\t<\/div>\n\t\t\t\t<\/div>\n\t\t\t\t<\/div>\n\t\t\t\t<\/div>\n\t\t\t\t<\/div>\n\t\t","protected":false},"excerpt":{"rendered":"<p>ENGLISH Destinations d\u2019\u00e9vasion \u00e0 partager Plus de d\u00e9tails \u00e0 venir bient\u00f4t Nous offrons une s\u00e9lection de r\u00e9sidences haut de gamme et un yacht \u00e0 \u00e9nergie solaire. Pr\u00e9parez-vous \u00e0 vivre une exp\u00e9rience unique qui marquera votre vie pour toujours !\u00a0 Inscrivez-vous \u00e0 notre infolettre et soyez les premiers \u00e0 y acc\u00e9der et \u00e0 profiter d\u2019offres uniques. [&hellip;]<\/p>\n","protected":false},"author":1,"featured_media":0,"parent":0,"menu_order":0,"comment_status":"closed","ping_status":"closed","template":"elementor_canvas","meta":{"inline_featured_image":false,"footnotes":""},"class_list":["post-9","page","type-page","status-publish","hentry"],"yoast_head":"<!-- This site is optimized with the Yoast SEO plugin v27.4 - https:\/\/yoast.com\/product\/yoast-seo-wordpress\/ -->\n<title>Accueil - Ananda &amp; Co<\/title>\n<meta name=\"robots\" content=\"index, follow, max-snippet:-1, max-image-preview:large, max-video-preview:-1\" \/>\n<link rel=\"canonical\" href=\"https:\/\/ananda-co.com\/fr\/accueil\/\" \/>\n<meta property=\"og:locale\" content=\"fr_FR\" \/>\n<meta property=\"og:type\" content=\"article\" \/>\n<meta property=\"og:title\" content=\"Accueil - Ananda &amp; Co\" \/>\n<meta property=\"og:description\" content=\"ENGLISH Destinations d\u2019\u00e9vasion \u00e0 partager Plus de d\u00e9tails \u00e0 venir bient\u00f4t Nous offrons une s\u00e9lection de r\u00e9sidences haut de gamme et un yacht \u00e0 \u00e9nergie solaire. Pr\u00e9parez-vous \u00e0 vivre une exp\u00e9rience unique qui marquera votre vie pour toujours !\u00a0 Inscrivez-vous \u00e0 notre infolettre et soyez les premiers \u00e0 y acc\u00e9der et \u00e0 profiter d\u2019offres uniques. [&hellip;]\" \/>\n<meta property=\"og:url\" content=\"https:\/\/ananda-co.com\/fr\/accueil\/\" \/>\n<meta property=\"og:site_name\" content=\"Ananda &amp; Co\" \/>\n<meta property=\"article:modified_time\" content=\"2023-10-03T02:33:23+00:00\" \/>\n<meta property=\"og:image\" content=\"https:\/\/ananda-co.com\/wp-content\/uploads\/2023\/07\/ananda_co-logo-black.svg\" \/>\n<meta name=\"twitter:card\" content=\"summary_large_image\" \/>\n<meta name=\"twitter:label1\" content=\"Dur\u00e9e de lecture estim\u00e9e\" \/>\n\t<meta name=\"twitter:data1\" content=\"2 minutes\" \/>\n<script type=\"application\/ld+json\" class=\"yoast-schema-graph\">{\"@context\":\"https:\\\/\\\/schema.org\",\"@graph\":[{\"@type\":\"WebPage\",\"@id\":\"https:\\\/\\\/ananda-co.com\\\/fr\\\/accueil\\\/\",\"url\":\"https:\\\/\\\/ananda-co.com\\\/fr\\\/accueil\\\/\",\"name\":\"Accueil - Ananda &amp; Co\",\"isPartOf\":{\"@id\":\"https:\\\/\\\/ananda-co.com\\\/fr\\\/en\\\/#website\"},\"primaryImageOfPage\":{\"@id\":\"https:\\\/\\\/ananda-co.com\\\/fr\\\/accueil\\\/#primaryimage\"},\"image\":{\"@id\":\"https:\\\/\\\/ananda-co.com\\\/fr\\\/accueil\\\/#primaryimage\"},\"thumbnailUrl\":\"https:\\\/\\\/ananda-co.com\\\/wp-content\\\/uploads\\\/2023\\\/07\\\/ananda_co-logo-black.svg\",\"datePublished\":\"2023-06-14T14:58:45+00:00\",\"dateModified\":\"2023-10-03T02:33:23+00:00\",\"breadcrumb\":{\"@id\":\"https:\\\/\\\/ananda-co.com\\\/fr\\\/accueil\\\/#breadcrumb\"},\"inLanguage\":\"fr-FR\",\"potentialAction\":[{\"@type\":\"ReadAction\",\"target\":[\"https:\\\/\\\/ananda-co.com\\\/fr\\\/accueil\\\/\"]}]},{\"@type\":\"ImageObject\",\"inLanguage\":\"fr-FR\",\"@id\":\"https:\\\/\\\/ananda-co.com\\\/fr\\\/accueil\\\/#primaryimage\",\"url\":\"https:\\\/\\\/ananda-co.com\\\/wp-content\\\/uploads\\\/2023\\\/07\\\/ananda_co-logo-black.svg\",\"contentUrl\":\"https:\\\/\\\/ananda-co.com\\\/wp-content\\\/uploads\\\/2023\\\/07\\\/ananda_co-logo-black.svg\"},{\"@type\":\"BreadcrumbList\",\"@id\":\"https:\\\/\\\/ananda-co.com\\\/fr\\\/accueil\\\/#breadcrumb\",\"itemListElement\":[{\"@type\":\"ListItem\",\"position\":1,\"name\":\"Home\",\"item\":\"https:\\\/\\\/ananda-co.com\\\/fr\\\/\"},{\"@type\":\"ListItem\",\"position\":2,\"name\":\"Accueil\"}]},{\"@type\":\"WebSite\",\"@id\":\"https:\\\/\\\/ananda-co.com\\\/fr\\\/en\\\/#website\",\"url\":\"https:\\\/\\\/ananda-co.com\\\/fr\\\/en\\\/\",\"name\":\"Ananda&Co - Experiences to be shared.\",\"description\":\"Destinations d\u2019\u00e9vasion \u00e0 partager\",\"publisher\":{\"@id\":\"https:\\\/\\\/ananda-co.com\\\/fr\\\/en\\\/#organization\"},\"potentialAction\":[{\"@type\":\"SearchAction\",\"target\":{\"@type\":\"EntryPoint\",\"urlTemplate\":\"https:\\\/\\\/ananda-co.com\\\/fr\\\/en\\\/?s={search_term_string}\"},\"query-input\":{\"@type\":\"PropertyValueSpecification\",\"valueRequired\":true,\"valueName\":\"search_term_string\"}}],\"inLanguage\":\"fr-FR\"},{\"@type\":\"Organization\",\"@id\":\"https:\\\/\\\/ananda-co.com\\\/fr\\\/en\\\/#organization\",\"name\":\"Ananda&Co\",\"url\":\"https:\\\/\\\/ananda-co.com\\\/fr\\\/en\\\/\",\"logo\":{\"@type\":\"ImageObject\",\"inLanguage\":\"fr-FR\",\"@id\":\"https:\\\/\\\/ananda-co.com\\\/fr\\\/en\\\/#\\\/schema\\\/logo\\\/image\\\/\",\"url\":\"https:\\\/\\\/ananda-co.com\\\/wp-content\\\/uploads\\\/2023\\\/06\\\/ananda-and-co_final.svg\",\"contentUrl\":\"https:\\\/\\\/ananda-co.com\\\/wp-content\\\/uploads\\\/2023\\\/06\\\/ananda-and-co_final.svg\",\"width\":462,\"height\":59,\"caption\":\"Ananda&Co\"},\"image\":{\"@id\":\"https:\\\/\\\/ananda-co.com\\\/fr\\\/en\\\/#\\\/schema\\\/logo\\\/image\\\/\"}}]}<\/script>\n<!-- \/ Yoast SEO plugin. -->","yoast_head_json":{"title":"Accueil - Ananda &amp; Co","robots":{"index":"index","follow":"follow","max-snippet":"max-snippet:-1","max-image-preview":"max-image-preview:large","max-video-preview":"max-video-preview:-1"},"canonical":"https:\/\/ananda-co.com\/fr\/accueil\/","og_locale":"fr_FR","og_type":"article","og_title":"Accueil - Ananda &amp; Co","og_description":"ENGLISH Destinations d\u2019\u00e9vasion \u00e0 partager Plus de d\u00e9tails \u00e0 venir bient\u00f4t Nous offrons une s\u00e9lection de r\u00e9sidences haut de gamme et un yacht \u00e0 \u00e9nergie solaire. Pr\u00e9parez-vous \u00e0 vivre une exp\u00e9rience unique qui marquera votre vie pour toujours !\u00a0 Inscrivez-vous \u00e0 notre infolettre et soyez les premiers \u00e0 y acc\u00e9der et \u00e0 profiter d\u2019offres uniques. [&hellip;]","og_url":"https:\/\/ananda-co.com\/fr\/accueil\/","og_site_name":"Ananda &amp; Co","article_modified_time":"2023-10-03T02:33:23+00:00","og_image":[{"url":"https:\/\/ananda-co.com\/wp-content\/uploads\/2023\/07\/ananda_co-logo-black.svg","type":"","width":"","height":""}],"twitter_card":"summary_large_image","twitter_misc":{"Dur\u00e9e de lecture estim\u00e9e":"2 minutes"},"schema":{"@context":"https:\/\/schema.org","@graph":[{"@type":"WebPage","@id":"https:\/\/ananda-co.com\/fr\/accueil\/","url":"https:\/\/ananda-co.com\/fr\/accueil\/","name":"Accueil - Ananda &amp; Co","isPartOf":{"@id":"https:\/\/ananda-co.com\/fr\/en\/#website"},"primaryImageOfPage":{"@id":"https:\/\/ananda-co.com\/fr\/accueil\/#primaryimage"},"image":{"@id":"https:\/\/ananda-co.com\/fr\/accueil\/#primaryimage"},"thumbnailUrl":"https:\/\/ananda-co.com\/wp-content\/uploads\/2023\/07\/ananda_co-logo-black.svg","datePublished":"2023-06-14T14:58:45+00:00","dateModified":"2023-10-03T02:33:23+00:00","breadcrumb":{"@id":"https:\/\/ananda-co.com\/fr\/accueil\/#breadcrumb"},"inLanguage":"fr-FR","potentialAction":[{"@type":"ReadAction","target":["https:\/\/ananda-co.com\/fr\/accueil\/"]}]},{"@type":"ImageObject","inLanguage":"fr-FR","@id":"https:\/\/ananda-co.com\/fr\/accueil\/#primaryimage","url":"https:\/\/ananda-co.com\/wp-content\/uploads\/2023\/07\/ananda_co-logo-black.svg","contentUrl":"https:\/\/ananda-co.com\/wp-content\/uploads\/2023\/07\/ananda_co-logo-black.svg"},{"@type":"BreadcrumbList","@id":"https:\/\/ananda-co.com\/fr\/accueil\/#breadcrumb","itemListElement":[{"@type":"ListItem","position":1,"name":"Home","item":"https:\/\/ananda-co.com\/fr\/"},{"@type":"ListItem","position":2,"name":"Accueil"}]},{"@type":"WebSite","@id":"https:\/\/ananda-co.com\/fr\/en\/#website","url":"https:\/\/ananda-co.com\/fr\/en\/","name":"Ananda&Co - Experiences to be shared.","description":"Destinations d\u2019\u00e9vasion \u00e0 partager","publisher":{"@id":"https:\/\/ananda-co.com\/fr\/en\/#organization"},"potentialAction":[{"@type":"SearchAction","target":{"@type":"EntryPoint","urlTemplate":"https:\/\/ananda-co.com\/fr\/en\/?s={search_term_string}"},"query-input":{"@type":"PropertyValueSpecification","valueRequired":true,"valueName":"search_term_string"}}],"inLanguage":"fr-FR"},{"@type":"Organization","@id":"https:\/\/ananda-co.com\/fr\/en\/#organization","name":"Ananda&Co","url":"https:\/\/ananda-co.com\/fr\/en\/","logo":{"@type":"ImageObject","inLanguage":"fr-FR","@id":"https:\/\/ananda-co.com\/fr\/en\/#\/schema\/logo\/image\/","url":"https:\/\/ananda-co.com\/wp-content\/uploads\/2023\/06\/ananda-and-co_final.svg","contentUrl":"https:\/\/ananda-co.com\/wp-content\/uploads\/2023\/06\/ananda-and-co_final.svg","width":462,"height":59,"caption":"Ananda&Co"},"image":{"@id":"https:\/\/ananda-co.com\/fr\/en\/#\/schema\/logo\/image\/"}}]}},"_links":{"self":[{"href":"https:\/\/ananda-co.com\/fr\/wp-json\/wp\/v2\/pages\/9","targetHints":{"allow":["GET"]}}],"collection":[{"href":"https:\/\/ananda-co.com\/fr\/wp-json\/wp\/v2\/pages"}],"about":[{"href":"https:\/\/ananda-co.com\/fr\/wp-json\/wp\/v2\/types\/page"}],"author":[{"embeddable":true,"href":"https:\/\/ananda-co.com\/fr\/wp-json\/wp\/v2\/users\/1"}],"replies":[{"embeddable":true,"href":"https:\/\/ananda-co.com\/fr\/wp-json\/wp\/v2\/comments?post=9"}],"version-history":[{"count":5,"href":"https:\/\/ananda-co.com\/fr\/wp-json\/wp\/v2\/pages\/9\/revisions"}],"predecessor-version":[{"id":2006,"href":"https:\/\/ananda-co.com\/fr\/wp-json\/wp\/v2\/pages\/9\/revisions\/2006"}],"wp:attachment":[{"href":"https:\/\/ananda-co.com\/fr\/wp-json\/wp\/v2\/media?parent=9"}],"curies":[{"name":"wp","href":"https:\/\/api.w.org\/{rel}","templated":true}]}}